{"id":2,"date":"2025-03-28T16:11:06","date_gmt":"2025-03-28T16:11:06","guid":{"rendered":"https:\/\/tripod.jan-stoess.com\/?page_id=2"},"modified":"2026-02-12T18:10:39","modified_gmt":"2026-02-12T18:10:39","slug":"tripod","status":"publish","type":"page","link":"https:\/\/tripod-music.de\/","title":{"rendered":"TRIPOD Music"},"content":{"rendered":"\n<p class=\"is-style-default\"><strong><strong>Die<\/strong>&nbsp;<strong>&nbsp;Formation TRIPOD<\/strong>&nbsp;aus Karlsruhe spielt selbst komponierte und arrangierte Global Pop Music&nbsp;.&nbsp;<\/strong>Wir&nbsp;lassen uns von Musik aus aller Welt, von Rock, Pop, Folk und Jazz und anderen Genres inspirieren&nbsp;und schaffen daraus eigene Lieder und Klangwelten.<\/p>\n\n\n\n<p class=\"is-style-text-subtitle is-style-text-subtitle--2\"><strong>Termine<\/strong><\/p>\n\n\n\n<ul class=\"wp-block-list\">\n<li>So 29. Juni &#8211; Kulturmeile Gr\u00f6tzingen<\/li>\n\n\n\n<li>Sa 26. Juli &#8211; Private Feier<\/li>\n\n\n\n<li>Sa 30. August &#8211; Kultursommer Durlach <\/li>\n\n\n\n<li>Sa 20. September &#8211; Mikado  <\/li>\n<\/ul>\n\n\n\n<p>Festivals &#8211; Stadtfeste &#8211; Firmenevents &#8211; Private Feiern &#8211; Gartenpartys &#8211; Austellungser\u00f6ffnungen<\/p>\n\n\n\n<p><\/p>\n\n\n\n<p class=\"is-style-text-subtitle is-style-text-subtitle--3\"><strong>H\u00f6rbeispiele<\/strong> <strong>(original Tripod)<\/strong><\/p>\n\n\n\n<div class=\"wp-block-columns is-layout-flex wp-container-core-columns-is-layout-28f84493 wp-block-columns-is-layout-flex\">\n<div class=\"wp-block-column is-style-default is-layout-flow wp-block-column-is-layout-flow\" style=\"flex-basis:66.66%\">\n<p><strong>Erre Gyere<\/strong><br>Transsylvanische Wurzeln in modernem Soundgef\u00fcge.<\/p>\n<\/div>\n\n\n\n<div class=\"wp-block-column is-layout-flow wp-block-column-is-layout-flow\" style=\"flex-basis:33.33%\">\n<figure class=\"wp-block-audio aligncenter\"><audio controls src=\"https:\/\/tripod-music.de\/wp-content\/uploads\/2025\/07\/ERREdemo.mp3\"><\/audio><\/figure>\n<\/div>\n<\/div>\n\n\n\n<div class=\"wp-block-columns is-layout-flex wp-container-core-columns-is-layout-28f84493 wp-block-columns-is-layout-flex\">\n<div class=\"wp-block-column is-layout-flow wp-block-column-is-layout-flow\" style=\"flex-basis:66.66%\">\n<p><strong>Bracs<\/strong><br>Ein schlichtes Geigenlied verwandelt sich in einen modernen Song.<\/p>\n<\/div>\n\n\n\n<div class=\"wp-block-column is-layout-flow wp-block-column-is-layout-flow\" style=\"flex-basis:33.33%\">\n<figure class=\"wp-block-audio\"><audio controls src=\"https:\/\/tripod-music.de\/wp-content\/uploads\/2025\/07\/BRACSdemo.mp3\"><\/audio><\/figure>\n<\/div>\n<\/div>\n\n\n\n<div class=\"wp-block-columns is-layout-flex wp-container-core-columns-is-layout-28f84493 wp-block-columns-is-layout-flex\">\n<div class=\"wp-block-column is-layout-flow wp-block-column-is-layout-flow\" style=\"flex-basis:66.66%\">\n<p class=\"is-style-default\"><strong>Nem \u00fagy<\/strong><br>Inspiriert von alten Weisen schwebt dieser Song zwischen Tradition, Blues, und Originalit\u00e4t.&nbsp;<\/p>\n<\/div>\n\n\n\n<div class=\"wp-block-column is-layout-flow wp-block-column-is-layout-flow\" style=\"flex-basis:33.33%\">\n<figure class=\"wp-block-audio\"><audio controls src=\"https:\/\/tripod-music.de\/wp-content\/uploads\/2025\/07\/NEMUdemo.mp3\"><\/audio><\/figure>\n<\/div>\n<\/div>\n\n\n\n<div class=\"wp-block-columns is-layout-flex wp-container-core-columns-is-layout-28f84493 wp-block-columns-is-layout-flex\">\n<div class=\"wp-block-column is-layout-flow wp-block-column-is-layout-flow\" style=\"flex-basis:66.66%\">\n<p><strong>Uku<\/strong><br>Fr\u00f6hlicher Pop in Anlehnung an hawaianische Ukulele.<\/p>\n<\/div>\n\n\n\n<div class=\"wp-block-column is-layout-flow wp-block-column-is-layout-flow\" style=\"flex-basis:33.33%\">\n<figure class=\"wp-block-audio\"><audio controls src=\"https:\/\/tripod-music.de\/wp-content\/uploads\/2025\/07\/UKUdemo.mp3\"><\/audio><\/figure>\n<\/div>\n<\/div>\n\n\n\n<div class=\"wp-block-columns is-layout-flex wp-container-core-columns-is-layout-28f84493 wp-block-columns-is-layout-flex\">\n<div class=\"wp-block-column is-layout-flow wp-block-column-is-layout-flow\" style=\"flex-basis:66.66%\">\n<p>Azu<br>vom Traum eines jungen Menschen, Musik auf der B\u00fchne zu spielen.<\/p>\n<\/div>\n\n\n\n<div class=\"wp-block-column is-layout-flow wp-block-column-is-layout-flow\" style=\"flex-basis:33.33%\">\n<figure class=\"wp-block-audio\"><audio controls src=\"https:\/\/tripod-music.de\/wp-content\/uploads\/2025\/07\/AZUdemo.mp3\"><\/audio><\/figure>\n<\/div>\n<\/div>\n\n\n\n<div class=\"wp-block-columns is-layout-flex wp-container-core-columns-is-layout-28f84493 wp-block-columns-is-layout-flex\">\n<div class=\"wp-block-column is-layout-flow wp-block-column-is-layout-flow\" style=\"flex-basis:66.66%\">\n<p><strong>Karib<\/strong><br>Essenz karibischer Kl\u00e4nge verdichtet zu unbeschwerter moderner Musik .<\/p>\n<\/div>\n\n\n\n<div class=\"wp-block-column is-layout-flow wp-block-column-is-layout-flow\" style=\"flex-basis:33.33%\">\n<figure class=\"wp-block-audio\"><audio controls src=\"https:\/\/tripod-music.de\/wp-content\/uploads\/2025\/07\/KARIBdemo.mp3\"><\/audio><\/figure>\n<\/div>\n<\/div>\n\n\n\n<p class=\"has-x-large-font-size\"><strong>TRIPOD<\/strong> &#8211; live<\/p>\n\n\n\n<div class=\"alignnormal\"><div id=\"metaslider-id-189\" style=\"width: 100%;\" class=\"ml-slider-3-104-0 metaslider metaslider-flex metaslider-189 ml-slider has-dots-nav has-carousel-mode ms-theme-default-base\" role=\"region\" aria-label=\"Gy\u00f6rgyi\" data-height=\"540\" data-width=\"700\">\n    <div id=\"metaslider_container_189\">\n        <div id=\"metaslider_189\">\n            <ul aria-live='off' class='slides'>\n                <li style=\"display: none; width: 100%;\" class=\"slide-206 ms-image \" aria-roledescription=\"slide\" data-date=\"2025-11-11 10:17:32\" data-filename=\"VicPisti-700x540.jpg\" data-slide-type=\"image\"><img loading=\"lazy\" decoding=\"async\" src=\"https:\/\/tripod-music.de\/wp-content\/uploads\/2025\/11\/VicPisti-700x540.jpg\" height=\"540\" width=\"700\" alt=\"\" class=\"slider-189 slide-206 msDefaultImage\" title=\"VicPisti\" \/><\/li>\n                <li style=\"display: none; width: 100%;\" class=\"slide-207 ms-image \" aria-roledescription=\"slide\" data-date=\"2025-11-11 10:18:41\" data-filename=\"JAN-large-700x540.jpg\" data-slide-type=\"image\"><img loading=\"lazy\" decoding=\"async\" src=\"https:\/\/tripod-music.de\/wp-content\/uploads\/2025\/11\/JAN-large-700x540.jpg\" height=\"540\" width=\"700\" alt=\"\" class=\"slider-189 slide-207 msDefaultImage\" title=\"JAN large\" \/><\/li>\n                <li style=\"display: none; width: 100%;\" class=\"slide-190 ms-image \" aria-roledescription=\"slide\" data-date=\"2025-11-11 08:57:12\" data-filename=\"VikJan-700x540.jpg\" data-slide-type=\"image\"><img loading=\"lazy\" decoding=\"async\" src=\"https:\/\/tripod-music.de\/wp-content\/uploads\/2025\/11\/VikJan-700x540.jpg\" height=\"540\" width=\"700\" alt=\"\" class=\"slider-189 slide-190 msDefaultImage\" title=\"VikJan\" \/><\/li>\n                <li style=\"display: none; width: 100%;\" class=\"slide-205 ms-image \" aria-roledescription=\"slide\" data-date=\"2025-11-11 10:17:14\" data-filename=\"VPJ-700x540.jpg\" data-slide-type=\"image\"><img loading=\"lazy\" decoding=\"async\" src=\"https:\/\/tripod-music.de\/wp-content\/uploads\/2025\/11\/VPJ-700x540.jpg\" height=\"540\" width=\"700\" alt=\"\" class=\"slider-189 slide-205 msDefaultImage\" title=\"VPJ\" \/><\/li>\n                <li style=\"display: none; width: 100%;\" class=\"slide-208 ms-image \" aria-roledescription=\"slide\" data-date=\"2025-11-11 10:18:51\" data-filename=\"Pisti-700x540.jpg\" data-slide-type=\"image\"><img loading=\"lazy\" decoding=\"async\" src=\"https:\/\/tripod-music.de\/wp-content\/uploads\/2025\/11\/Pisti-700x540.jpg\" height=\"540\" width=\"700\" alt=\"\" class=\"slider-189 slide-208 msDefaultImage\" title=\"Pisti\" \/><\/li>\n                <li style=\"display: none; width: 100%;\" class=\"slide-209 ms-image \" aria-roledescription=\"slide\" data-date=\"2025-11-11 10:19:45\" data-filename=\"VicPisti-700x540.jpg\" data-slide-type=\"image\"><img loading=\"lazy\" decoding=\"async\" src=\"https:\/\/tripod-music.de\/wp-content\/uploads\/2025\/11\/VicPisti-700x540.jpg\" height=\"540\" width=\"700\" alt=\"\" class=\"slider-189 slide-209 msDefaultImage\" title=\"VicPisti\" \/><\/li>\n                <li style=\"display: none; width: 100%;\" class=\"slide-212 ms-image \" aria-roledescription=\"slide\" data-date=\"2025-11-11 10:38:16\" data-filename=\"PistiJan-700x540.jpg\" data-slide-type=\"image\"><img loading=\"lazy\" decoding=\"async\" src=\"https:\/\/tripod-music.de\/wp-content\/uploads\/2025\/11\/PistiJan-700x540.jpg\" height=\"540\" width=\"700\" alt=\"\" class=\"slider-189 slide-212 msDefaultImage\" title=\"PistiJan\" \/><\/li>\n                <li style=\"display: none; width: 100%;\" class=\"slide-229 ms-image \" aria-roledescription=\"slide\" data-date=\"2025-11-13 11:44:52\" data-filename=\"Viktor-Pisti-KK-700x540.jpg\" data-slide-type=\"image\"><img loading=\"lazy\" decoding=\"async\" src=\"https:\/\/tripod-music.de\/wp-content\/uploads\/2025\/11\/Viktor-Pisti-KK-700x540.jpg\" height=\"540\" width=\"700\" alt=\"\" class=\"slider-189 slide-229 msDefaultImage\" title=\"Viktor Pisti KK\" \/><\/li>\n            <\/ul>\n        <\/div>\n        \n    <\/div>\n<\/div><\/div>\n\n\n\n<div class=\"alignnormal\"><div id=\"metaslider-id-288\" style=\"width: 100%;\" class=\"ml-slider-3-104-0 metaslider metaslider-flex metaslider-288 ml-slider has-dots-nav has-carousel-mode ms-theme-default-base\" role=\"region\" aria-label=\"Live Slides\" data-height=\"540\" data-width=\"700\">\n    <div id=\"metaslider_container_288\">\n        <div id=\"metaslider_288\">\n            <ul aria-live='off' class='slides'>\n                <li style=\"display: none; width: 100%;\" class=\"slide-290 ms-image \" aria-roledescription=\"slide\" data-date=\"2025-11-14 12:48:33\" data-filename=\"Smoke-700x540.png\" data-slide-type=\"image\"><img loading=\"lazy\" decoding=\"async\" src=\"https:\/\/tripod-music.de\/wp-content\/uploads\/2025\/11\/Smoke-700x540.png\" height=\"540\" width=\"700\" alt=\"\" class=\"slider-288 slide-290 msDefaultImage\" title=\"Smoke\" \/><\/li>\n                <li style=\"display: none; width: 100%;\" class=\"slide-291 ms-image \" aria-roledescription=\"slide\" data-date=\"2025-11-14 12:48:42\" data-filename=\"Guit-band-700x540.png\" data-slide-type=\"image\"><img loading=\"lazy\" decoding=\"async\" src=\"https:\/\/tripod-music.de\/wp-content\/uploads\/2025\/11\/Guit-band-700x540.png\" height=\"540\" width=\"700\" alt=\"\" class=\"slider-288 slide-291 msDefaultImage\" title=\"Guit + band\" \/><\/li>\n                <li style=\"display: none; width: 100%;\" class=\"slide-292 ms-image \" aria-roledescription=\"slide\" data-date=\"2025-11-14 12:48:57\" data-filename=\"Bar-pos-step-2-700x540.png\" data-slide-type=\"image\"><img loading=\"lazy\" decoding=\"async\" src=\"https:\/\/tripod-music.de\/wp-content\/uploads\/2025\/11\/Bar-pos-step-2-700x540.png\" height=\"540\" width=\"700\" alt=\"\" class=\"slider-288 slide-292 msDefaultImage\" title=\"Bar pos step 2\" \/><\/li>\n                <li style=\"display: none; width: 100%;\" class=\"slide-293 ms-image \" aria-roledescription=\"slide\" data-date=\"2025-11-14 12:49:05\" data-filename=\"Smoke-prof-700x540.png\" data-slide-type=\"image\"><img loading=\"lazy\" decoding=\"async\" src=\"https:\/\/tripod-music.de\/wp-content\/uploads\/2025\/11\/Smoke-prof-700x540.png\" height=\"540\" width=\"700\" alt=\"\" class=\"slider-288 slide-293 msDefaultImage\" title=\"Smoke +prof\" \/><\/li>\n            <\/ul>\n        <\/div>\n        \n    <\/div>\n<\/div><\/div>\n\n\n\n<p class=\"has-x-large-font-size\"><strong>AZU<\/strong> &#8211; Song about a new song<\/p>\n\n\n\n<figure class=\"wp-block-gallery has-nested-images columns-default is-cropped wp-block-gallery-4 is-layout-flex wp-block-gallery-is-layout-flex\">\n<figure class=\"wp-block-image size-large\"><img loading=\"lazy\" decoding=\"async\" width=\"728\" height=\"409\" data-id=\"64\" src=\"https:\/\/tripod-music.de\/wp-content\/uploads\/2025\/07\/Gardenkl.jpg\" alt=\"\" class=\"wp-image-64\" srcset=\"https:\/\/tripod-music.de\/wp-content\/uploads\/2025\/07\/Gardenkl.jpg 728w, https:\/\/tripod-music.de\/wp-content\/uploads\/2025\/07\/Gardenkl-300x169.jpg 300w\" sizes=\"auto, (max-width: 728px) 100vw, 728px\" \/><\/figure>\n\n\n\n<figure class=\"wp-block-image size-large\"><img loading=\"lazy\" decoding=\"async\" width=\"1024\" height=\"728\" data-id=\"65\" src=\"https:\/\/tripod-music.de\/wp-content\/uploads\/2025\/07\/TRIPODBlue2-1024x728.jpg\" alt=\"\" class=\"wp-image-65\" srcset=\"https:\/\/tripod-music.de\/wp-content\/uploads\/2025\/07\/TRIPODBlue2-1024x728.jpg 1024w, https:\/\/tripod-music.de\/wp-content\/uploads\/2025\/07\/TRIPODBlue2-300x213.jpg 300w, https:\/\/tripod-music.de\/wp-content\/uploads\/2025\/07\/TRIPODBlue2-768x546.jpg 768w, https:\/\/tripod-music.de\/wp-content\/uploads\/2025\/07\/TRIPODBlue2.jpg 1084w\" sizes=\"auto, (max-width: 1024px) 100vw, 1024px\" \/><\/figure>\n\n\n\n<figure class=\"wp-block-image size-large\"><img loading=\"lazy\" decoding=\"async\" width=\"1024\" height=\"530\" data-id=\"67\" src=\"https:\/\/tripod-music.de\/wp-content\/uploads\/2025\/07\/TRIPODKELLERklcc-1024x530.jpg\" alt=\"\" class=\"wp-image-67\" srcset=\"https:\/\/tripod-music.de\/wp-content\/uploads\/2025\/07\/TRIPODKELLERklcc-1024x530.jpg 1024w, https:\/\/tripod-music.de\/wp-content\/uploads\/2025\/07\/TRIPODKELLERklcc-300x155.jpg 300w, https:\/\/tripod-music.de\/wp-content\/uploads\/2025\/07\/TRIPODKELLERklcc-768x398.jpg 768w, https:\/\/tripod-music.de\/wp-content\/uploads\/2025\/07\/TRIPODKELLERklcc-1536x795.jpg 1536w, https:\/\/tripod-music.de\/wp-content\/uploads\/2025\/07\/TRIPODKELLERklcc.jpg 1920w\" sizes=\"auto, (max-width: 1024px) 100vw, 1024px\" \/><\/figure>\n<\/figure>\n\n\n\n<figure style=\"margin-right:0;margin-left:0;padding-right:0;padding-left:0\" class=\"wp-block-video\"><video height=\"480\" style=\"aspect-ratio: 852 \/ 480;\" width=\"852\" controls src=\"https:\/\/tripod-music.de\/wp-content\/uploads\/2025\/11\/AZU-v4.mp4\"><\/video><\/figure>\n\n\n\n<p class=\"is-style-text-subtitle is-style-text-subtitle--5\">Kontakt<\/p>\n","protected":false},"excerpt":{"rendered":"<p>Die&nbsp;&nbsp;Formation TRIPOD&nbsp;aus Karlsruhe spielt selbst komponierte und arrangierte Global Pop Music&nbsp;.&nbsp;Wir&nbsp;lassen uns von Musik aus aller Welt, von Rock, Pop, Folk und Jazz und anderen Genres inspirieren&nbsp;und schaffen daraus eigene Lieder und Klangwelten. Termine Festivals &#8211; Stadtfeste &#8211; Firmenevents &#8211; Private Feiern &#8211; Gartenpartys &#8211; Austellungser\u00f6ffnungen H\u00f6rbeispiele (original Tripod) Erre GyereTranssylvanische Wurzeln in modernem Soundgef\u00fcge. [&hellip;]<\/p>\n","protected":false},"author":1,"featured_media":299,"parent":0,"menu_order":0,"comment_status":"closed","ping_status":"closed","template":"","meta":{"footnotes":""},"class_list":["post-2","page","type-page","status-publish","has-post-thumbnail","hentry"],"_links":{"self":[{"href":"https:\/\/tripod-music.de\/index.php?rest_route=\/wp\/v2\/pages\/2","targetHints":{"allow":["GET"]}}],"collection":[{"href":"https:\/\/tripod-music.de\/index.php?rest_route=\/wp\/v2\/pages"}],"about":[{"href":"https:\/\/tripod-music.de\/index.php?rest_route=\/wp\/v2\/types\/page"}],"author":[{"embeddable":true,"href":"https:\/\/tripod-music.de\/index.php?rest_route=\/wp\/v2\/users\/1"}],"replies":[{"embeddable":true,"href":"https:\/\/tripod-music.de\/index.php?rest_route=%2Fwp%2Fv2%2Fcomments&post=2"}],"version-history":[{"count":54,"href":"https:\/\/tripod-music.de\/index.php?rest_route=\/wp\/v2\/pages\/2\/revisions"}],"predecessor-version":[{"id":321,"href":"https:\/\/tripod-music.de\/index.php?rest_route=\/wp\/v2\/pages\/2\/revisions\/321"}],"wp:featuredmedia":[{"embeddable":true,"href":"https:\/\/tripod-music.de\/index.php?rest_route=\/wp\/v2\/media\/299"}],"wp:attachment":[{"href":"https:\/\/tripod-music.de\/index.php?rest_route=%2Fwp%2Fv2%2Fmedia&parent=2"}],"curies":[{"name":"wp","href":"https:\/\/api.w.org\/{rel}","templated":true}]}}