{"id":89,"date":"2025-08-01T09:24:32","date_gmt":"2025-08-01T09:24:32","guid":{"rendered":"https:\/\/tripod.jan-stoess.com\/?page_id=89"},"modified":"2026-01-13T16:45:00","modified_gmt":"2026-01-13T16:45:00","slug":"about-us","status":"publish","type":"page","link":"https:\/\/tripod-music.de\/?page_id=89","title":{"rendered":"\u00dcber uns"},"content":{"rendered":"\n<div class=\"wp-block-columns is-layout-flex wp-container-core-columns-is-layout-28f84493 wp-block-columns-is-layout-flex\">\n<div class=\"wp-block-column is-layout-flow wp-block-column-is-layout-flow\" style=\"flex-basis:33.33%\">\n<figure class=\"wp-block-image size-large is-resized\"><img loading=\"lazy\" decoding=\"async\" width=\"629\" height=\"1024\" src=\"https:\/\/tripod-music.de\/wp-content\/uploads\/2025\/11\/Vic-uberuns-629x1024.png\" alt=\"\" class=\"wp-image-277\" style=\"width:137px;height:auto\" srcset=\"https:\/\/tripod-music.de\/wp-content\/uploads\/2025\/11\/Vic-uberuns-629x1024.png 629w, https:\/\/tripod-music.de\/wp-content\/uploads\/2025\/11\/Vic-uberuns-184x300.png 184w, https:\/\/tripod-music.de\/wp-content\/uploads\/2025\/11\/Vic-uberuns-768x1250.png 768w, https:\/\/tripod-music.de\/wp-content\/uploads\/2025\/11\/Vic-uberuns-944x1536.png 944w, https:\/\/tripod-music.de\/wp-content\/uploads\/2025\/11\/Vic-uberuns-1258x2048.png 1258w, https:\/\/tripod-music.de\/wp-content\/uploads\/2025\/11\/Vic-uberuns-scaled.png 1573w\" sizes=\"auto, (max-width: 629px) 100vw, 629px\" \/><\/figure>\n<\/div>\n\n\n\n<div class=\"wp-block-column is-layout-flow wp-block-column-is-layout-flow\" style=\"flex-basis:66.66%\">\n<p><strong>Victor Lavotha<\/strong>.&nbsp;Viktor ist Multiinstrumentalist sowie Gr\u00fcnder, Komponist, Arrangeur und Produzent der Band TRIPOD. &nbsp;Victor hat mehrere Bands gegr\u00fcndet, in Australien trat er mit der Band REZEDA im australischen Radio, TV und Live auf. Mit seiner Band NOMAD tourte er 2 Jahre lang durch Europa.<\/p>\n<\/div>\n<\/div>\n\n\n\n<div class=\"wp-block-columns is-layout-flex wp-container-core-columns-is-layout-28f84493 wp-block-columns-is-layout-flex\">\n<div class=\"wp-block-column is-layout-flow wp-block-column-is-layout-flow\" style=\"flex-basis:33.33%\">\n<figure class=\"wp-block-image size-large is-resized\"><img loading=\"lazy\" decoding=\"async\" width=\"608\" height=\"1024\" src=\"https:\/\/tripod-music.de\/wp-content\/uploads\/2025\/11\/Pisti-ureruns-608x1024.png\" alt=\"\" class=\"wp-image-276\" style=\"width:146px;height:auto\" srcset=\"https:\/\/tripod-music.de\/wp-content\/uploads\/2025\/11\/Pisti-ureruns-608x1024.png 608w, https:\/\/tripod-music.de\/wp-content\/uploads\/2025\/11\/Pisti-ureruns-178x300.png 178w, https:\/\/tripod-music.de\/wp-content\/uploads\/2025\/11\/Pisti-ureruns-768x1293.png 768w, https:\/\/tripod-music.de\/wp-content\/uploads\/2025\/11\/Pisti-ureruns-913x1536.png 913w, https:\/\/tripod-music.de\/wp-content\/uploads\/2025\/11\/Pisti-ureruns-1217x2048.png 1217w, https:\/\/tripod-music.de\/wp-content\/uploads\/2025\/11\/Pisti-ureruns-scaled.png 1521w\" sizes=\"auto, (max-width: 608px) 100vw, 608px\" \/><\/figure>\n<\/div>\n\n\n\n<div class=\"wp-block-column is-layout-flow wp-block-column-is-layout-flow\" style=\"flex-basis:66.66%\">\n<p><strong>Istv\u00e1n Juh\u00e1sz<\/strong>, Posaune, Geige, Vocals. Soloposaunist bei der Badischen Staatskapelle Karlsruhe. Studium an der Franz Liszt Musikakademie Budapest, danach an der Semperoper Dresden, seit 2014 in Karlsruhe. Neben der Orchestermusik in kleineren Kammermusik-Gruppen t\u00e4tig. Bei TRIPOD kann Istv\u00e1n seine Leidenschaft f\u00fcr World Music und f\u00fcr freies Musizieren und Improvisation ausleben.<\/p>\n<\/div>\n<\/div>\n\n\n\n<div class=\"wp-block-columns is-layout-flex wp-container-core-columns-is-layout-28f84493 wp-block-columns-is-layout-flex\">\n<div class=\"wp-block-column is-layout-flow wp-block-column-is-layout-flow\" style=\"flex-basis:33.33%\">\n<figure class=\"wp-block-image size-large is-resized\"><img loading=\"lazy\" decoding=\"async\" width=\"629\" height=\"1024\" src=\"https:\/\/tripod-music.de\/wp-content\/uploads\/2025\/11\/Jan-ureruns-629x1024.png\" alt=\"\" class=\"wp-image-275\" style=\"width:146px;height:auto\" srcset=\"https:\/\/tripod-music.de\/wp-content\/uploads\/2025\/11\/Jan-ureruns-629x1024.png 629w, https:\/\/tripod-music.de\/wp-content\/uploads\/2025\/11\/Jan-ureruns-184x300.png 184w, https:\/\/tripod-music.de\/wp-content\/uploads\/2025\/11\/Jan-ureruns-768x1250.png 768w, https:\/\/tripod-music.de\/wp-content\/uploads\/2025\/11\/Jan-ureruns-944x1536.png 944w, https:\/\/tripod-music.de\/wp-content\/uploads\/2025\/11\/Jan-ureruns-1258x2048.png 1258w, https:\/\/tripod-music.de\/wp-content\/uploads\/2025\/11\/Jan-ureruns-scaled.png 1573w\" sizes=\"auto, (max-width: 629px) 100vw, 629px\" \/><\/figure>\n<\/div>\n\n\n\n<div class=\"wp-block-column is-layout-flow wp-block-column-is-layout-flow\" style=\"flex-basis:66.66%\">\n<p><strong>Jan Stoess.<\/strong>&nbsp; Vocals und Gitarre. Musik- und B\u00fchnenerfahrung in diversen Formationen, von Balkan Brass \u00fcber Gypsy, Chanson zu Blues und Swing. Jans musikalische Interessen liegen in Harmonien, Melodien und Rhythmen aus aller Welt, improvisiert und arrangiert, traditionell und modern, von Balkan \u00fcber Bluegrass zu Latin Music oder elektronischen Beats. <\/p>\n<\/div>\n<\/div>\n\n\n\n<p><strong>Unser Konzert- und B\u00fchnenprogramm<\/strong>&nbsp;kann durch eingeladene Gastmusiker erweitert werden. Nach unserem Konzert k\u00f6nnen wir auch Discomusik f\u00fcr sp\u00e4tabendliches Tanzen anbieten.<br><\/p>\n","protected":false},"excerpt":{"rendered":"<p>Victor Lavotha.&nbsp;Viktor ist Multiinstrumentalist sowie Gr\u00fcnder, Komponist, Arrangeur und Produzent der Band TRIPOD. &nbsp;Victor hat mehrere Bands gegr\u00fcndet, in Australien trat er mit der Band REZEDA im australischen Radio, TV und Live auf. Mit seiner Band NOMAD tourte er 2 Jahre lang durch Europa. Istv\u00e1n Juh\u00e1sz, Posaune, Geige, Vocals. Soloposaunist bei der Badischen Staatskapelle Karlsruhe. [&hellip;]<\/p>\n","protected":false},"author":1,"featured_media":0,"parent":0,"menu_order":0,"comment_status":"closed","ping_status":"closed","template":"","meta":{"footnotes":""},"class_list":["post-89","page","type-page","status-publish","hentry"],"_links":{"self":[{"href":"https:\/\/tripod-music.de\/index.php?rest_route=\/wp\/v2\/pages\/89","targetHints":{"allow":["GET"]}}],"collection":[{"href":"https:\/\/tripod-music.de\/index.php?rest_route=\/wp\/v2\/pages"}],"about":[{"href":"https:\/\/tripod-music.de\/index.php?rest_route=\/wp\/v2\/types\/page"}],"author":[{"embeddable":true,"href":"https:\/\/tripod-music.de\/index.php?rest_route=\/wp\/v2\/users\/1"}],"replies":[{"embeddable":true,"href":"https:\/\/tripod-music.de\/index.php?rest_route=%2Fwp%2Fv2%2Fcomments&post=89"}],"version-history":[{"count":10,"href":"https:\/\/tripod-music.de\/index.php?rest_route=\/wp\/v2\/pages\/89\/revisions"}],"predecessor-version":[{"id":316,"href":"https:\/\/tripod-music.de\/index.php?rest_route=\/wp\/v2\/pages\/89\/revisions\/316"}],"wp:attachment":[{"href":"https:\/\/tripod-music.de\/index.php?rest_route=%2Fwp%2Fv2%2Fmedia&parent=89"}],"curies":[{"name":"wp","href":"https:\/\/api.w.org\/{rel}","templated":true}]}}